{"id":1300,"date":"2026-03-10T10:18:59","date_gmt":"2026-03-10T09:18:59","guid":{"rendered":"https:\/\/www.skoaz.preprod-kalelia.fr\/?page_id=1300"},"modified":"2026-04-03T15:32:29","modified_gmt":"2026-04-03T13:32:29","slug":"agrement-cir-cii","status":"publish","type":"page","link":"https:\/\/www.skoaz.preprod-kalelia.fr\/?page_id=1300","title":{"rendered":"Agr\u00e9ment CIR\/CII"},"content":{"rendered":"<p><span style=\"font-weight: 400;\">Valorisez vos prestations R&amp;D avec l\u2019agr\u00e9ment CIR-CII : r\u00e9alisez des travaux pour des tiers et permettez \u00e0 vos clients de r\u00e9cup\u00e9rer jusqu\u2019\u00e0 30% des co\u00fbts en cr\u00e9dit d\u2019imp\u00f4t.<\/span><\/p>\n","protected":false},"excerpt":{"rendered":"<p>Valorisez vos prestations R&amp;D<\/p>\n","protected":false},"author":3,"featured_media":1468,"parent":33,"menu_order":0,"comment_status":"closed","ping_status":"closed","template":"page-templates\/page_master.php","meta":{"footnotes":""},"class_list":["post-1300","page","type-page","status-publish","has-post-thumbnail","hentry"],"_links":{"self":[{"href":"https:\/\/www.skoaz.preprod-kalelia.fr\/index.php?rest_route=\/wp\/v2\/pages\/1300","targetHints":{"allow":["GET"]}}],"collection":[{"href":"https:\/\/www.skoaz.preprod-kalelia.fr\/index.php?rest_route=\/wp\/v2\/pages"}],"about":[{"href":"https:\/\/www.skoaz.preprod-kalelia.fr\/index.php?rest_route=\/wp\/v2\/types\/page"}],"author":[{"embeddable":true,"href":"https:\/\/www.skoaz.preprod-kalelia.fr\/index.php?rest_route=\/wp\/v2\/users\/3"}],"replies":[{"embeddable":true,"href":"https:\/\/www.skoaz.preprod-kalelia.fr\/index.php?rest_route=%2Fwp%2Fv2%2Fcomments&post=1300"}],"version-history":[{"count":5,"href":"https:\/\/www.skoaz.preprod-kalelia.fr\/index.php?rest_route=\/wp\/v2\/pages\/1300\/revisions"}],"predecessor-version":[{"id":1469,"href":"https:\/\/www.skoaz.preprod-kalelia.fr\/index.php?rest_route=\/wp\/v2\/pages\/1300\/revisions\/1469"}],"up":[{"embeddable":true,"href":"https:\/\/www.skoaz.preprod-kalelia.fr\/index.php?rest_route=\/wp\/v2\/pages\/33"}],"wp:featuredmedia":[{"embeddable":true,"href":"https:\/\/www.skoaz.preprod-kalelia.fr\/index.php?rest_route=\/wp\/v2\/media\/1468"}],"wp:attachment":[{"href":"https:\/\/www.skoaz.preprod-kalelia.fr\/index.php?rest_route=%2Fwp%2Fv2%2Fmedia&parent=1300"}],"curies":[{"name":"wp","href":"https:\/\/api.w.org\/{rel}","templated":true}]}}