{"id":1313,"date":"2026-03-10T10:57:14","date_gmt":"2026-03-10T09:57:14","guid":{"rendered":"https:\/\/www.skoaz.preprod-kalelia.fr\/?page_id=1313"},"modified":"2026-04-02T12:02:51","modified_gmt":"2026-04-02T10:02:51","slug":"rescrit-cir-cii","status":"publish","type":"page","link":"https:\/\/www.skoaz.preprod-kalelia.fr\/?page_id=1313","title":{"rendered":"Rescrit CIR\/CII"},"content":{"rendered":"<p><span style=\"font-weight: 400;\">V\u00e9rifiez l\u2019\u00e9ligibilit\u00e9 de vos travaux et r\u00e9duisez l\u2019incertitude li\u00e9e aux dispositifs fiscaux. Obtenez une validation officielle pour s\u00e9curiser vos financements.<\/span><\/p>\n","protected":false},"excerpt":{"rendered":"<p>V\u00e9rifiez l\u2019\u00e9ligibilit\u00e9 de vos<\/p>\n","protected":false},"author":3,"featured_media":1395,"parent":33,"menu_order":0,"comment_status":"closed","ping_status":"closed","template":"page-templates\/page_master.php","meta":{"footnotes":""},"class_list":["post-1313","page","type-page","status-publish","has-post-thumbnail","hentry"],"_links":{"self":[{"href":"https:\/\/www.skoaz.preprod-kalelia.fr\/index.php?rest_route=\/wp\/v2\/pages\/1313","targetHints":{"allow":["GET"]}}],"collection":[{"href":"https:\/\/www.skoaz.preprod-kalelia.fr\/index.php?rest_route=\/wp\/v2\/pages"}],"about":[{"href":"https:\/\/www.skoaz.preprod-kalelia.fr\/index.php?rest_route=\/wp\/v2\/types\/page"}],"author":[{"embeddable":true,"href":"https:\/\/www.skoaz.preprod-kalelia.fr\/index.php?rest_route=\/wp\/v2\/users\/3"}],"replies":[{"embeddable":true,"href":"https:\/\/www.skoaz.preprod-kalelia.fr\/index.php?rest_route=%2Fwp%2Fv2%2Fcomments&post=1313"}],"version-history":[{"count":3,"href":"https:\/\/www.skoaz.preprod-kalelia.fr\/index.php?rest_route=\/wp\/v2\/pages\/1313\/revisions"}],"predecessor-version":[{"id":1474,"href":"https:\/\/www.skoaz.preprod-kalelia.fr\/index.php?rest_route=\/wp\/v2\/pages\/1313\/revisions\/1474"}],"up":[{"embeddable":true,"href":"https:\/\/www.skoaz.preprod-kalelia.fr\/index.php?rest_route=\/wp\/v2\/pages\/33"}],"wp:featuredmedia":[{"embeddable":true,"href":"https:\/\/www.skoaz.preprod-kalelia.fr\/index.php?rest_route=\/wp\/v2\/media\/1395"}],"wp:attachment":[{"href":"https:\/\/www.skoaz.preprod-kalelia.fr\/index.php?rest_route=%2Fwp%2Fv2%2Fmedia&parent=1313"}],"curies":[{"name":"wp","href":"https:\/\/api.w.org\/{rel}","templated":true}]}}