{"id":1316,"date":"2026-03-10T11:02:28","date_gmt":"2026-03-10T10:02:28","guid":{"rendered":"https:\/\/www.skoaz.preprod-kalelia.fr\/?page_id=1316"},"modified":"2026-04-02T12:06:55","modified_gmt":"2026-04-02T10:06:55","slug":"controle-sur-demande-cir-cii","status":"publish","type":"page","link":"https:\/\/www.skoaz.preprod-kalelia.fr\/?page_id=1316","title":{"rendered":"Contr\u00f4le sur demande CIR \/ CII"},"content":{"rendered":"<p><span style=\"font-weight: 400;\">Pr\u00e9parez et g\u00e9rez efficacement vos contr\u00f4les fiscaux li\u00e9s aux dispositifs CIR, CII ou JEI. Obtenez un accompagnement expert pour s\u00e9curiser vos financements et assurer la conformit\u00e9 de vos dossiers.<\/span><\/p>\n","protected":false},"excerpt":{"rendered":"<p>Pr\u00e9parez et g\u00e9rez efficacement<\/p>\n","protected":false},"author":3,"featured_media":1475,"parent":33,"menu_order":0,"comment_status":"closed","ping_status":"closed","template":"page-templates\/page_master.php","meta":{"footnotes":""},"class_list":["post-1316","page","type-page","status-publish","has-post-thumbnail","hentry"],"_links":{"self":[{"href":"https:\/\/www.skoaz.preprod-kalelia.fr\/index.php?rest_route=\/wp\/v2\/pages\/1316","targetHints":{"allow":["GET"]}}],"collection":[{"href":"https:\/\/www.skoaz.preprod-kalelia.fr\/index.php?rest_route=\/wp\/v2\/pages"}],"about":[{"href":"https:\/\/www.skoaz.preprod-kalelia.fr\/index.php?rest_route=\/wp\/v2\/types\/page"}],"author":[{"embeddable":true,"href":"https:\/\/www.skoaz.preprod-kalelia.fr\/index.php?rest_route=\/wp\/v2\/users\/3"}],"replies":[{"embeddable":true,"href":"https:\/\/www.skoaz.preprod-kalelia.fr\/index.php?rest_route=%2Fwp%2Fv2%2Fcomments&post=1316"}],"version-history":[{"count":3,"href":"https:\/\/www.skoaz.preprod-kalelia.fr\/index.php?rest_route=\/wp\/v2\/pages\/1316\/revisions"}],"predecessor-version":[{"id":1476,"href":"https:\/\/www.skoaz.preprod-kalelia.fr\/index.php?rest_route=\/wp\/v2\/pages\/1316\/revisions\/1476"}],"up":[{"embeddable":true,"href":"https:\/\/www.skoaz.preprod-kalelia.fr\/index.php?rest_route=\/wp\/v2\/pages\/33"}],"wp:featuredmedia":[{"embeddable":true,"href":"https:\/\/www.skoaz.preprod-kalelia.fr\/index.php?rest_route=\/wp\/v2\/media\/1475"}],"wp:attachment":[{"href":"https:\/\/www.skoaz.preprod-kalelia.fr\/index.php?rest_route=%2Fwp%2Fv2%2Fmedia&parent=1316"}],"curies":[{"name":"wp","href":"https:\/\/api.w.org\/{rel}","templated":true}]}}