{"id":1318,"date":"2026-03-10T11:06:56","date_gmt":"2026-03-10T10:06:56","guid":{"rendered":"https:\/\/www.skoaz.preprod-kalelia.fr\/?page_id=1318"},"modified":"2026-04-02T11:56:21","modified_gmt":"2026-04-02T09:56:21","slug":"credit-impot-jeu-video-cijv","status":"publish","type":"page","link":"https:\/\/www.skoaz.preprod-kalelia.fr\/?page_id=1318","title":{"rendered":"Cr\u00e9dit Imp\u00f4t Jeu Vid\u00e9o &#8211; CIJV"},"content":{"rendered":"<p>Soutenez la cr\u00e9ation de vos \u0153uvres num\u00e9riques et financez le d\u00e9veloppement de vos nouveaux jeux vid\u00e9o. Ce dispositif vous permet de r\u00e9cup\u00e9rer une partie de vos d\u00e9penses de production et de renforcer la comp\u00e9titivit\u00e9 de votre studio sur la sc\u00e8ne internationale.<\/p>\n","protected":false},"excerpt":{"rendered":"<p>Soutenez la cr\u00e9ation de<\/p>\n","protected":false},"author":3,"featured_media":1406,"parent":33,"menu_order":0,"comment_status":"closed","ping_status":"closed","template":"page-templates\/page_master.php","meta":{"footnotes":""},"class_list":["post-1318","page","type-page","status-publish","has-post-thumbnail","hentry"],"_links":{"self":[{"href":"https:\/\/www.skoaz.preprod-kalelia.fr\/index.php?rest_route=\/wp\/v2\/pages\/1318","targetHints":{"allow":["GET"]}}],"collection":[{"href":"https:\/\/www.skoaz.preprod-kalelia.fr\/index.php?rest_route=\/wp\/v2\/pages"}],"about":[{"href":"https:\/\/www.skoaz.preprod-kalelia.fr\/index.php?rest_route=\/wp\/v2\/types\/page"}],"author":[{"embeddable":true,"href":"https:\/\/www.skoaz.preprod-kalelia.fr\/index.php?rest_route=\/wp\/v2\/users\/3"}],"replies":[{"embeddable":true,"href":"https:\/\/www.skoaz.preprod-kalelia.fr\/index.php?rest_route=%2Fwp%2Fv2%2Fcomments&post=1318"}],"version-history":[{"count":3,"href":"https:\/\/www.skoaz.preprod-kalelia.fr\/index.php?rest_route=\/wp\/v2\/pages\/1318\/revisions"}],"predecessor-version":[{"id":1470,"href":"https:\/\/www.skoaz.preprod-kalelia.fr\/index.php?rest_route=\/wp\/v2\/pages\/1318\/revisions\/1470"}],"up":[{"embeddable":true,"href":"https:\/\/www.skoaz.preprod-kalelia.fr\/index.php?rest_route=\/wp\/v2\/pages\/33"}],"wp:featuredmedia":[{"embeddable":true,"href":"https:\/\/www.skoaz.preprod-kalelia.fr\/index.php?rest_route=\/wp\/v2\/media\/1406"}],"wp:attachment":[{"href":"https:\/\/www.skoaz.preprod-kalelia.fr\/index.php?rest_route=%2Fwp%2Fv2%2Fmedia&parent=1318"}],"curies":[{"name":"wp","href":"https:\/\/api.w.org\/{rel}","templated":true}]}}