{"id":1335,"date":"2026-03-10T14:59:44","date_gmt":"2026-03-10T13:59:44","guid":{"rendered":"https:\/\/www.skoaz.preprod-kalelia.fr\/?page_id=1335"},"modified":"2026-04-03T12:35:17","modified_gmt":"2026-04-03T10:35:17","slug":"credit-impot-recherche-collaborative-cico","status":"publish","type":"page","link":"https:\/\/www.skoaz.preprod-kalelia.fr\/?page_id=1335","title":{"rendered":"Cr\u00e9dit Imp\u00f4t Recherche Collaborative &#8211; CICo"},"content":{"rendered":"<p><span style=\"font-weight: 400;\">Soutenez vos projets de R&amp;D en collaboration avec des organismes de recherche gr\u00e2ce au CICo. Ce dispositif vous permet de s\u00e9curiser vos partenariats scientifiques et de r\u00e9duire le co\u00fbt de vos travaux collaboratifs.<\/span><\/p>\n","protected":false},"excerpt":{"rendered":"<p>Soutenez vos projets de<\/p>\n","protected":false},"author":3,"featured_media":1404,"parent":33,"menu_order":0,"comment_status":"closed","ping_status":"closed","template":"page-templates\/page_master.php","meta":{"footnotes":""},"class_list":["post-1335","page","type-page","status-publish","has-post-thumbnail","hentry"],"_links":{"self":[{"href":"https:\/\/www.skoaz.preprod-kalelia.fr\/index.php?rest_route=\/wp\/v2\/pages\/1335","targetHints":{"allow":["GET"]}}],"collection":[{"href":"https:\/\/www.skoaz.preprod-kalelia.fr\/index.php?rest_route=\/wp\/v2\/pages"}],"about":[{"href":"https:\/\/www.skoaz.preprod-kalelia.fr\/index.php?rest_route=\/wp\/v2\/types\/page"}],"author":[{"embeddable":true,"href":"https:\/\/www.skoaz.preprod-kalelia.fr\/index.php?rest_route=\/wp\/v2\/users\/3"}],"replies":[{"embeddable":true,"href":"https:\/\/www.skoaz.preprod-kalelia.fr\/index.php?rest_route=%2Fwp%2Fv2%2Fcomments&post=1335"}],"version-history":[{"count":2,"href":"https:\/\/www.skoaz.preprod-kalelia.fr\/index.php?rest_route=\/wp\/v2\/pages\/1335\/revisions"}],"predecessor-version":[{"id":1448,"href":"https:\/\/www.skoaz.preprod-kalelia.fr\/index.php?rest_route=\/wp\/v2\/pages\/1335\/revisions\/1448"}],"up":[{"embeddable":true,"href":"https:\/\/www.skoaz.preprod-kalelia.fr\/index.php?rest_route=\/wp\/v2\/pages\/33"}],"wp:featuredmedia":[{"embeddable":true,"href":"https:\/\/www.skoaz.preprod-kalelia.fr\/index.php?rest_route=\/wp\/v2\/media\/1404"}],"wp:attachment":[{"href":"https:\/\/www.skoaz.preprod-kalelia.fr\/index.php?rest_route=%2Fwp%2Fv2%2Fmedia&parent=1335"}],"curies":[{"name":"wp","href":"https:\/\/api.w.org\/{rel}","templated":true}]}}