{"id":192,"date":"2026-02-24T15:40:28","date_gmt":"2026-02-24T14:40:28","guid":{"rendered":"https:\/\/www.skoaz.preprod-kalelia.fr\/?page_id=192"},"modified":"2026-04-13T09:29:22","modified_gmt":"2026-04-13T07:29:22","slug":"valoriser-vos-projets-de-recherche-et-dinnovation","status":"publish","type":"page","link":"https:\/\/www.skoaz.preprod-kalelia.fr\/","title":{"rendered":"Valorisez vos projets de recherche et d\u2019innovation"},"content":{"rendered":"<p><span style=\"font-weight: 400;\">Cr\u00e9dit Imp\u00f4t Recherche (CIR), Cr\u00e9dit Imp\u00f4t Innovation (CII), statut JEI, agr\u00e9ment CIR-CII, subventions et autres dispositifs : obtenez les aides d\u00e9di\u00e9es au <strong>financement de vos projets innovants<\/strong>.<\/span><\/p>\n<p><a class=\"classic_btn_framboise\" href=\"https:\/\/www.skoaz.preprod-kalelia.fr\/?page_id=18\">D\u00e9couvrir notre approche<\/a><\/p>\n<p>&nbsp;<\/p>\n","protected":false},"excerpt":{"rendered":"<p>Cr\u00e9dit Imp\u00f4t Recherche (CIR),<\/p>\n","protected":false},"author":1,"featured_media":1490,"parent":0,"menu_order":0,"comment_status":"closed","ping_status":"closed","template":"page-templates\/page_accueil.php","meta":{"footnotes":""},"class_list":["post-192","page","type-page","status-publish","has-post-thumbnail","hentry"],"_links":{"self":[{"href":"https:\/\/www.skoaz.preprod-kalelia.fr\/index.php?rest_route=\/wp\/v2\/pages\/192","targetHints":{"allow":["GET"]}}],"collection":[{"href":"https:\/\/www.skoaz.preprod-kalelia.fr\/index.php?rest_route=\/wp\/v2\/pages"}],"about":[{"href":"https:\/\/www.skoaz.preprod-kalelia.fr\/index.php?rest_route=\/wp\/v2\/types\/page"}],"author":[{"embeddable":true,"href":"https:\/\/www.skoaz.preprod-kalelia.fr\/index.php?rest_route=\/wp\/v2\/users\/1"}],"replies":[{"embeddable":true,"href":"https:\/\/www.skoaz.preprod-kalelia.fr\/index.php?rest_route=%2Fwp%2Fv2%2Fcomments&post=192"}],"version-history":[{"count":14,"href":"https:\/\/www.skoaz.preprod-kalelia.fr\/index.php?rest_route=\/wp\/v2\/pages\/192\/revisions"}],"predecessor-version":[{"id":1506,"href":"https:\/\/www.skoaz.preprod-kalelia.fr\/index.php?rest_route=\/wp\/v2\/pages\/192\/revisions\/1506"}],"wp:featuredmedia":[{"embeddable":true,"href":"https:\/\/www.skoaz.preprod-kalelia.fr\/index.php?rest_route=\/wp\/v2\/media\/1490"}],"wp:attachment":[{"href":"https:\/\/www.skoaz.preprod-kalelia.fr\/index.php?rest_route=%2Fwp%2Fv2%2Fmedia&parent=192"}],"curies":[{"name":"wp","href":"https:\/\/api.w.org\/{rel}","templated":true}]}}