{"id":33,"date":"2026-01-29T14:59:14","date_gmt":"2026-01-29T13:59:14","guid":{"rendered":"http:\/\/skoaz.local\/?page_id=33"},"modified":"2026-04-07T15:24:05","modified_gmt":"2026-04-07T13:24:05","slug":"financer-vos-projets-innovants","status":"publish","type":"page","link":"https:\/\/www.skoaz.preprod-kalelia.fr\/?page_id=33","title":{"rendered":"Financer vos projets"},"content":{"rendered":"<p><span style=\"font-weight: 400;\">De l\u2019id\u00e9e \u00e0 la mise en production, Skoaz vous aide \u00e0 <strong>financer vos projets innovants<\/strong>. Nous identifions les solutions de financement les plus adapt\u00e9es et vous accompagnons \u00e0 chaque \u00e9tape pour maximiser vos chances de succ\u00e8s.<\/span><\/p>\n","protected":false},"excerpt":{"rendered":"<p>De l\u2019id\u00e9e \u00e0 la<\/p>\n","protected":false},"author":1,"featured_media":1393,"parent":0,"menu_order":0,"comment_status":"closed","ping_status":"closed","template":"page-templates\/page_master.php","meta":{"footnotes":""},"class_list":["post-33","page","type-page","status-publish","has-post-thumbnail","hentry"],"_links":{"self":[{"href":"https:\/\/www.skoaz.preprod-kalelia.fr\/index.php?rest_route=\/wp\/v2\/pages\/33","targetHints":{"allow":["GET"]}}],"collection":[{"href":"https:\/\/www.skoaz.preprod-kalelia.fr\/index.php?rest_route=\/wp\/v2\/pages"}],"about":[{"href":"https:\/\/www.skoaz.preprod-kalelia.fr\/index.php?rest_route=\/wp\/v2\/types\/page"}],"author":[{"embeddable":true,"href":"https:\/\/www.skoaz.preprod-kalelia.fr\/index.php?rest_route=\/wp\/v2\/users\/1"}],"replies":[{"embeddable":true,"href":"https:\/\/www.skoaz.preprod-kalelia.fr\/index.php?rest_route=%2Fwp%2Fv2%2Fcomments&post=33"}],"version-history":[{"count":4,"href":"https:\/\/www.skoaz.preprod-kalelia.fr\/index.php?rest_route=\/wp\/v2\/pages\/33\/revisions"}],"predecessor-version":[{"id":1366,"href":"https:\/\/www.skoaz.preprod-kalelia.fr\/index.php?rest_route=\/wp\/v2\/pages\/33\/revisions\/1366"}],"wp:featuredmedia":[{"embeddable":true,"href":"https:\/\/www.skoaz.preprod-kalelia.fr\/index.php?rest_route=\/wp\/v2\/media\/1393"}],"wp:attachment":[{"href":"https:\/\/www.skoaz.preprod-kalelia.fr\/index.php?rest_route=%2Fwp%2Fv2%2Fmedia&parent=33"}],"curies":[{"name":"wp","href":"https:\/\/api.w.org\/{rel}","templated":true}]}}