{"id":89,"date":"2026-02-13T12:59:06","date_gmt":"2026-02-13T11:59:06","guid":{"rendered":"http:\/\/skoaz.local\/?page_id=89"},"modified":"2026-04-07T14:04:15","modified_gmt":"2026-04-07T12:04:15","slug":"credit-impot-recherche-cir","status":"publish","type":"page","link":"https:\/\/www.skoaz.preprod-kalelia.fr\/?page_id=89","title":{"rendered":"Cr\u00e9dit Imp\u00f4t Recherche &#8211; CIR"},"content":{"rendered":"<p><span style=\"font-weight: 400;\">R\u00e9duisez le co\u00fbt de vos travaux de R&amp;D gr\u00e2ce au CIR, applicable \u00e0 toutes les entreprises. Financez vos projets scientifiques et technologiques, de l\u2019id\u00e9e au prototype ou \u00e0 la r\u00e9alisation technique.<\/span><\/p>\n","protected":false},"excerpt":{"rendered":"<p>R\u00e9duisez le co\u00fbt de<\/p>\n","protected":false},"author":1,"featured_media":1388,"parent":33,"menu_order":0,"comment_status":"closed","ping_status":"closed","template":"page-templates\/page_master.php","meta":{"footnotes":""},"class_list":["post-89","page","type-page","status-publish","has-post-thumbnail","hentry"],"_links":{"self":[{"href":"https:\/\/www.skoaz.preprod-kalelia.fr\/index.php?rest_route=\/wp\/v2\/pages\/89","targetHints":{"allow":["GET"]}}],"collection":[{"href":"https:\/\/www.skoaz.preprod-kalelia.fr\/index.php?rest_route=\/wp\/v2\/pages"}],"about":[{"href":"https:\/\/www.skoaz.preprod-kalelia.fr\/index.php?rest_route=\/wp\/v2\/types\/page"}],"author":[{"embeddable":true,"href":"https:\/\/www.skoaz.preprod-kalelia.fr\/index.php?rest_route=\/wp\/v2\/users\/1"}],"replies":[{"embeddable":true,"href":"https:\/\/www.skoaz.preprod-kalelia.fr\/index.php?rest_route=%2Fwp%2Fv2%2Fcomments&post=89"}],"version-history":[{"count":5,"href":"https:\/\/www.skoaz.preprod-kalelia.fr\/index.php?rest_route=\/wp\/v2\/pages\/89\/revisions"}],"predecessor-version":[{"id":1429,"href":"https:\/\/www.skoaz.preprod-kalelia.fr\/index.php?rest_route=\/wp\/v2\/pages\/89\/revisions\/1429"}],"up":[{"embeddable":true,"href":"https:\/\/www.skoaz.preprod-kalelia.fr\/index.php?rest_route=\/wp\/v2\/pages\/33"}],"wp:featuredmedia":[{"embeddable":true,"href":"https:\/\/www.skoaz.preprod-kalelia.fr\/index.php?rest_route=\/wp\/v2\/media\/1388"}],"wp:attachment":[{"href":"https:\/\/www.skoaz.preprod-kalelia.fr\/index.php?rest_route=%2Fwp%2Fv2%2Fmedia&parent=89"}],"curies":[{"name":"wp","href":"https:\/\/api.w.org\/{rel}","templated":true}]}}