{"id":91,"date":"2026-02-13T13:53:23","date_gmt":"2026-02-13T12:53:23","guid":{"rendered":"http:\/\/skoaz.local\/?page_id=91"},"modified":"2026-04-02T11:49:11","modified_gmt":"2026-04-02T09:49:11","slug":"credit-impot-innovation-cii","status":"publish","type":"page","link":"https:\/\/www.skoaz.preprod-kalelia.fr\/?page_id=91","title":{"rendered":"Cr\u00e9dit Imp\u00f4t Innovation &#8211; CII"},"content":{"rendered":"<p><span style=\"font-weight: 400;\">Si vous \u00eates une PME, vous pouvez b\u00e9n\u00e9ficier d\u2019un soutien financier pour vos projets d\u2019innovation portant sur le d\u00e9veloppement de prototypes ou de produits nouveaux. R\u00e9duisez le risque financier et acc\u00e9l\u00e9rez la concr\u00e9tisation de vos innovations.<\/span><\/p>\n","protected":false},"excerpt":{"rendered":"<p>Si vous \u00eates une<\/p>\n","protected":false},"author":1,"featured_media":1405,"parent":33,"menu_order":0,"comment_status":"closed","ping_status":"closed","template":"page-templates\/page_master.php","meta":{"footnotes":""},"class_list":["post-91","page","type-page","status-publish","has-post-thumbnail","hentry"],"_links":{"self":[{"href":"https:\/\/www.skoaz.preprod-kalelia.fr\/index.php?rest_route=\/wp\/v2\/pages\/91","targetHints":{"allow":["GET"]}}],"collection":[{"href":"https:\/\/www.skoaz.preprod-kalelia.fr\/index.php?rest_route=\/wp\/v2\/pages"}],"about":[{"href":"https:\/\/www.skoaz.preprod-kalelia.fr\/index.php?rest_route=\/wp\/v2\/types\/page"}],"author":[{"embeddable":true,"href":"https:\/\/www.skoaz.preprod-kalelia.fr\/index.php?rest_route=\/wp\/v2\/users\/1"}],"replies":[{"embeddable":true,"href":"https:\/\/www.skoaz.preprod-kalelia.fr\/index.php?rest_route=%2Fwp%2Fv2%2Fcomments&post=91"}],"version-history":[{"count":5,"href":"https:\/\/www.skoaz.preprod-kalelia.fr\/index.php?rest_route=\/wp\/v2\/pages\/91\/revisions"}],"predecessor-version":[{"id":1466,"href":"https:\/\/www.skoaz.preprod-kalelia.fr\/index.php?rest_route=\/wp\/v2\/pages\/91\/revisions\/1466"}],"up":[{"embeddable":true,"href":"https:\/\/www.skoaz.preprod-kalelia.fr\/index.php?rest_route=\/wp\/v2\/pages\/33"}],"wp:featuredmedia":[{"embeddable":true,"href":"https:\/\/www.skoaz.preprod-kalelia.fr\/index.php?rest_route=\/wp\/v2\/media\/1405"}],"wp:attachment":[{"href":"https:\/\/www.skoaz.preprod-kalelia.fr\/index.php?rest_route=%2Fwp%2Fv2%2Fmedia&parent=91"}],"curies":[{"name":"wp","href":"https:\/\/api.w.org\/{rel}","templated":true}]}}